{"id":1665,"date":"2026-02-26T19:10:03","date_gmt":"2026-02-26T19:10:03","guid":{"rendered":"https:\/\/shermanthomdev.wpenginepowered.com\/?page_id=1665"},"modified":"2026-03-16T22:16:49","modified_gmt":"2026-03-16T22:16:49","slug":"recursos-humanos","status":"publish","type":"page","link":"https:\/\/stcsca.org\/es\/human-resources\/","title":{"rendered":"Human Resources"},"content":{"rendered":"<div data-elementor-type=\"wp-page\" data-elementor-id=\"1665\" class=\"elementor elementor-1665\" data-elementor-post-type=\"page\">\n\t\t\t\t<div class=\"elementor-element elementor-element-1e9b2ab e-con-full e-flex e-con e-parent\" data-id=\"1e9b2ab\" data-element_type=\"container\" data-e-type=\"container\">\n\t\t<div class=\"elementor-element elementor-element-1c1a217 e-con-full e-flex e-con e-child\" data-id=\"1c1a217\" data-element_type=\"container\" data-e-type=\"container\" data-settings=\"{&quot;background_background&quot;:&quot;classic&quot;}\">\n\t\t\t\t<\/div>\n\t\t\t\t<\/div>\n\t\t<div class=\"elementor-element elementor-element-678c519 e-flex e-con-boxed e-con e-parent\" data-id=\"678c519\" data-element_type=\"container\" data-e-type=\"container\">\n\t\t\t\t\t<div class=\"e-con-inner\">\n\t\t\t\t<div class=\"elementor-element elementor-element-ef96e12 elementor-widget elementor-widget-heading\" data-id=\"ef96e12\" data-element_type=\"widget\" data-e-type=\"widget\" data-widget_type=\"heading.default\">\n\t\t\t\t<div class=\"elementor-widget-container\">\n\t\t\t\t\t<h1 class=\"elementor-heading-title elementor-size-default\">Recursos humanos de STCS<\/h1>\t\t\t\t<\/div>\n\t\t\t\t<\/div>\n\t\t\t\t<div class=\"elementor-element elementor-element-aa83dee elementor-widget elementor-widget-text-editor\" data-id=\"aa83dee\" data-element_type=\"widget\" data-e-type=\"widget\" data-widget_type=\"text-editor.default\">\n\t\t\t\t<div class=\"elementor-widget-container\">\n\t\t\t\t\t\t\t\t\t<p data-start=\"127\" data-end=\"566\">En las Escuelas Charter Sherman Thomas, nuestra gente es la base de nuestra misi\u00f3n. Nos comprometemos a atraer, apoyar y retener a educadores y personal talentoso que creen en las altas expectativas, la solidez del car\u00e1cter y el logro acad\u00e9mico significativo para cada estudiante. Nuestro equipo de Recursos Humanos trabaja para garantizar un ambiente de trabajo profesional, respetuoso y colaborativo, a la vez que ofrece v\u00edas claras para el crecimiento y el progreso.<\/p><p data-start=\"568\" data-end=\"890\">Invitamos a candidatos calificados y comprometidos con nuestra misi\u00f3n a explorar nuestras oportunidades actuales a trav\u00e9s de EdJoin y a revisar nuestras escalas salariales e informaci\u00f3n de empleo a continuaci\u00f3n. Si te apasiona marcar la diferencia en la vida de los estudiantes y sus familias, te animamos a considerar unirte a la comunidad de Sherman Thomas.<\/p>\t\t\t\t\t\t\t\t<\/div>\n\t\t\t\t<\/div>\n\t\t\t\t<div class=\"elementor-element elementor-element-251157f elementor-widget-divider--view-line elementor-widget elementor-widget-divider\" data-id=\"251157f\" data-element_type=\"widget\" data-e-type=\"widget\" data-widget_type=\"divider.default\">\n\t\t\t\t<div class=\"elementor-widget-container\">\n\t\t\t\t\t\t\t<div class=\"elementor-divider\">\n\t\t\t<span class=\"elementor-divider-separator\">\n\t\t\t\t\t\t<\/span>\n\t\t<\/div>\n\t\t\t\t\t\t<\/div>\n\t\t\t\t<\/div>\n\t\t\t\t<div class=\"elementor-element elementor-element-65d49ea elementor-widget elementor-widget-text-editor\" data-id=\"65d49ea\" data-element_type=\"widget\" data-e-type=\"widget\" data-widget_type=\"text-editor.default\">\n\t\t\t\t<div class=\"elementor-widget-container\">\n\t\t\t\t\t\t\t\t\t<h2>Escalas salariales 2026-2027<\/h2><ul><li><a href=\"\/wp-content\/uploads\/HR\/Classified-Management-Certificated-Management-Other-Certificated-Salary-Schedule.pdf\" target=\"_blank\" rel=\"noopener\">Tabla salarial para personal directivo clasificado, personal directivo certificado y otros puestos certificados<\/a><\/li><li><a href=\"\/wp-content\/uploads\/HR\/Classified-Salary-Schedule-1.pdf\" target=\"_blank\" rel=\"noopener\">Escala salarial clasificada<\/a><\/li><\/ul>\t\t\t\t\t\t\t\t<\/div>\n\t\t\t\t<\/div>\n\t\t\t\t<div class=\"elementor-element elementor-element-7b9e438 elementor-widget-divider--view-line elementor-widget elementor-widget-divider\" data-id=\"7b9e438\" data-element_type=\"widget\" data-e-type=\"widget\" data-widget_type=\"divider.default\">\n\t\t\t\t<div class=\"elementor-widget-container\">\n\t\t\t\t\t\t\t<div class=\"elementor-divider\">\n\t\t\t<span class=\"elementor-divider-separator\">\n\t\t\t\t\t\t<\/span>\n\t\t<\/div>\n\t\t\t\t\t\t<\/div>\n\t\t\t\t<\/div>\n\t\t\t\t<div class=\"elementor-element elementor-element-879135e elementor-widget elementor-widget-text-editor\" data-id=\"879135e\" data-element_type=\"widget\" data-e-type=\"widget\" data-widget_type=\"text-editor.default\">\n\t\t\t\t<div class=\"elementor-widget-container\">\n\t\t\t\t\t\t\t\t\t<h2>Escalas salariales 2025-2026<\/h2><ul><li><a href=\"\/wp-content\/uploads\/HR\/2025to2026\/Certificated-Salary-Schedule.pdf\" target=\"_blank\" rel=\"noopener\">Escala salarial certificada<\/a><\/li><li><a href=\"\/wp-content\/uploads\/HR\/2025to2026\/Certificated-Management-Salary-Schedule.pdf\" target=\"_blank\" rel=\"noopener\">Escala salarial de gesti\u00f3n certificada<\/a><\/li><li><a href=\"\/wp-content\/uploads\/HR\/2025to2026\/Other-Certificated-Salary-Schedule.pdf\" target=\"_blank\" rel=\"noopener\">Otras escalas salariales certificadas<\/a><\/li><li><a href=\"\/wp-content\/uploads\/HR\/2025to2026\/Classified-Salary-Schedule.pdf\" target=\"_blank\" rel=\"noopener\">Escala salarial clasificada<\/a><\/li><li><a href=\"\/wp-content\/uploads\/HR\/2025to2026\/Classified-Management-Salary-Schedule.pdf\" target=\"_blank\" rel=\"noopener\">Escala salarial de gesti\u00f3n clasificada<\/a><\/li><li><a href=\"\/wp-content\/uploads\/HR\/2025to2026\/Classified-Substitute-Salary-Schedule.pdf\" target=\"_blank\" rel=\"noopener\">Escala salarial de suplentes clasificados<\/a><\/li><\/ul>\t\t\t\t\t\t\t\t<\/div>\n\t\t\t\t<\/div>\n\t\t\t\t\t<\/div>\n\t\t\t\t<\/div>\n\t\t<div class=\"elementor-element elementor-element-947b162 e-flex e-con-boxed e-con e-parent\" data-id=\"947b162\" data-element_type=\"container\" data-e-type=\"container\">\n\t\t\t\t\t<div class=\"e-con-inner\">\n\t\t\t\t<div class=\"elementor-element elementor-element-21fd754 elementor-widget-divider--view-line elementor-widget elementor-widget-divider\" data-id=\"21fd754\" data-element_type=\"widget\" data-e-type=\"widget\" data-widget_type=\"divider.default\">\n\t\t\t\t<div class=\"elementor-widget-container\">\n\t\t\t\t\t\t\t<div class=\"elementor-divider\">\n\t\t\t<span class=\"elementor-divider-separator\">\n\t\t\t\t\t\t<\/span>\n\t\t<\/div>\n\t\t\t\t\t\t<\/div>\n\t\t\t\t<\/div>\n\t\t\t\t<div class=\"elementor-element elementor-element-481b05d elementor-widget elementor-widget-heading\" data-id=\"481b05d\" data-element_type=\"widget\" data-e-type=\"widget\" data-widget_type=\"heading.default\">\n\t\t\t\t<div class=\"elementor-widget-container\">\n\t\t\t\t\t<h1 class=\"elementor-heading-title elementor-size-default\">Carreras<\/h1>\t\t\t\t<\/div>\n\t\t\t\t<\/div>\n\t\t\t\t<div class=\"elementor-element elementor-element-c3a0a9e elementor-widget elementor-widget-text-editor\" data-id=\"c3a0a9e\" data-element_type=\"widget\" data-e-type=\"widget\" data-widget_type=\"text-editor.default\">\n\t\t\t\t<div class=\"elementor-widget-container\">\n\t\t\t\t\t\t\t\t\t<h2>Edjoin<\/h2>\t\t\t\t\t\t\t\t<\/div>\n\t\t\t\t<\/div>\n\t\t\t\t<div class=\"elementor-element elementor-element-4302594 elementor-widget elementor-widget-button\" data-id=\"4302594\" data-element_type=\"widget\" data-e-type=\"widget\" data-widget_type=\"button.default\">\n\t\t\t\t<div class=\"elementor-widget-container\">\n\t\t\t\t\t\t\t\t\t<div class=\"elementor-button-wrapper\">\n\t\t\t\t\t<a class=\"elementor-button elementor-button-link elementor-size-sm\" href=\"https:\/\/www.edjoin.org\/stcs\" target=\"_blank\">\n\t\t\t\t\t\t<span class=\"elementor-button-content-wrapper\">\n\t\t\t\t\t\t\t\t\t<span class=\"elementor-button-text\">Oportunidades profesionales<\/span>\n\t\t\t\t\t<\/span>\n\t\t\t\t\t<\/a>\n\t\t\t\t<\/div>\n\t\t\t\t\t\t\t\t<\/div>\n\t\t\t\t<\/div>\n\t\t\t\t<div class=\"elementor-element elementor-element-88222ad elementor-widget elementor-widget-button\" data-id=\"88222ad\" data-element_type=\"widget\" data-e-type=\"widget\" data-widget_type=\"button.default\">\n\t\t\t\t<div class=\"elementor-widget-container\">\n\t\t\t\t\t\t\t\t\t<div class=\"elementor-button-wrapper\">\n\t\t\t\t\t<a class=\"elementor-button elementor-button-link elementor-size-sm\" href=\"\/wp-content\/uploads\/HR\/STCS-2025-2026-Employee-Handbook.pdf\" target=\"_blank\">\n\t\t\t\t\t\t<span class=\"elementor-button-content-wrapper\">\n\t\t\t\t\t\t\t\t\t<span class=\"elementor-button-text\">Manual del empleado<\/span>\n\t\t\t\t\t<\/span>\n\t\t\t\t\t<\/a>\n\t\t\t\t<\/div>\n\t\t\t\t\t\t\t\t<\/div>\n\t\t\t\t<\/div>\n\t\t\t\t\t<\/div>\n\t\t\t\t<\/div>\n\t\t\t\t<\/div>","protected":false},"excerpt":{"rendered":"<p>STCS Human Resources At Sherman Thomas Charter Schools, our people are the foundation of our mission. We are committed to attracting, supporting, and retaining talented educators and staff who believe in high expectations, strong character, and meaningful academic achievement for every student. Our Human Resources team works to ensure a professional, respectful, and collaborative work [&hellip;]<\/p>\n","protected":false},"author":1,"featured_media":0,"parent":0,"menu_order":0,"comment_status":"closed","ping_status":"closed","template":"","meta":{"_acf_changed":false,"footnotes":""},"class_list":["post-1665","page","type-page","status-publish","hentry"],"acf":[],"featured_image_src":null,"featured_image_src_square":null,"_links":{"self":[{"href":"https:\/\/stcsca.org\/es\/wp-json\/wp\/v2\/pages\/1665","targetHints":{"allow":["GET"]}}],"collection":[{"href":"https:\/\/stcsca.org\/es\/wp-json\/wp\/v2\/pages"}],"about":[{"href":"https:\/\/stcsca.org\/es\/wp-json\/wp\/v2\/types\/page"}],"author":[{"embeddable":true,"href":"https:\/\/stcsca.org\/es\/wp-json\/wp\/v2\/users\/1"}],"replies":[{"embeddable":true,"href":"https:\/\/stcsca.org\/es\/wp-json\/wp\/v2\/comments?post=1665"}],"version-history":[{"count":0,"href":"https:\/\/stcsca.org\/es\/wp-json\/wp\/v2\/pages\/1665\/revisions"}],"wp:attachment":[{"href":"https:\/\/stcsca.org\/es\/wp-json\/wp\/v2\/media?parent=1665"}],"curies":[{"name":"gracias","href":"https:\/\/api.w.org\/{rel}","templated":true}]}}