{"id":1686,"date":"2026-03-16T16:14:29","date_gmt":"2026-03-16T16:14:29","guid":{"rendered":"https:\/\/shermanthomdev.wpenginepowered.com\/?page_id=1686"},"modified":"2026-03-16T17:33:05","modified_gmt":"2026-03-16T17:33:05","slug":"legal","status":"publish","type":"page","link":"https:\/\/stcsca.org\/es\/legal\/","title":{"rendered":"Pol\u00edtica de privacidad y t\u00e9rminos de servicio"},"content":{"rendered":"<div data-elementor-type=\"wp-page\" data-elementor-id=\"1686\" class=\"elementor elementor-1686\" data-elementor-post-type=\"page\">\n\t\t\t\t<div class=\"elementor-element elementor-element-2f4ba4d e-flex e-con-boxed e-con e-parent\" data-id=\"2f4ba4d\" data-element_type=\"container\" data-e-type=\"container\">\n\t\t\t\t\t<div class=\"e-con-inner\">\n\t\t\t\t<div class=\"elementor-element elementor-element-922c937 elementor-widget elementor-widget-heading\" data-id=\"922c937\" data-element_type=\"widget\" data-e-type=\"widget\" data-widget_type=\"heading.default\">\n\t\t\t\t<div class=\"elementor-widget-container\">\n\t\t\t\t\t<h2 class=\"elementor-heading-title elementor-size-default\">Escuela concertada Sherman Thomas: Pol\u00edtica de privacidad y condiciones de servicio<\/h2>\t\t\t\t<\/div>\n\t\t\t\t<\/div>\n\t\t\t\t\t<\/div>\n\t\t\t\t<\/div>\n\t\t<div class=\"elementor-element elementor-element-5f86f10 e-flex e-con-boxed e-con e-parent\" data-id=\"5f86f10\" data-element_type=\"container\" data-e-type=\"container\">\n\t\t\t\t\t<div class=\"e-con-inner\">\n\t\t\t\t<div class=\"elementor-element elementor-element-1e4dd66 elementor-widget elementor-widget-text-editor\" data-id=\"1e4dd66\" data-element_type=\"widget\" data-e-type=\"widget\" data-widget_type=\"text-editor.default\">\n\t\t\t\t<div class=\"elementor-widget-container\">\n\t\t\t\t\t\t\t\t\t<pre>\u00daltima actualizaci\u00f3n: 3 de marzo de 2026<\/pre><h2>Parte 1: Pol\u00edtica de privacidad<\/h2><p>En la Escuela Charter Sherman Thomas (en adelante, \u201cnosotros\u201d o \u201cnuestro\u201d), nos comprometemos a proteger la privacidad y la seguridad de nuestros estudiantes, padres y personal. Esta Pol\u00edtica de Privacidad describe c\u00f3mo recopilamos, utilizamos y protegemos su informaci\u00f3n personal.<\/p><ol><li>Informaci\u00f3n que recopilamos<br \/>Recopilamos informaci\u00f3n que lo identifica, se relaciona con usted o podr\u00eda vincularse razonablemente con usted. Esto incluye:<br \/>\u25cf Informaci\u00f3n de contacto: Nombre, direcci\u00f3n de correo electr\u00f3nico, direcci\u00f3n postal y n\u00famero de tel\u00e9fono.<br \/>\u25cf Registros estudiantiles: Datos de inscripci\u00f3n, calificaciones y asistencia (protegidos por la ley FERPA).<br \/>\u25cf Datos de comunicaci\u00f3n: Registros de sus interacciones con nosotros a trav\u00e9s de correo electr\u00f3nico, formularios web o mensajes de texto.<\/li><li>Cumplimiento de las normas sobre SMS y comunicaciones m\u00f3viles<br \/>En cumplimiento de los requisitos del est\u00e1ndar A2P 10DLC para operadores, lo siguiente se aplica a nuestros programas de mensajer\u00eda m\u00f3vil:<p>No se compartir\u00e1 informaci\u00f3n m\u00f3vil con terceros ni afiliados con fines de marketing o promoci\u00f3n. Se permite compartir informaci\u00f3n con subcontratistas en servicios de soporte, como atenci\u00f3n al cliente. Todas las dem\u00e1s categor\u00edas de uso excluyen los datos de consentimiento y la opci\u00f3n de suscripci\u00f3n del remitente de mensajes de texto; esta informaci\u00f3n no se compartir\u00e1 con terceros.<\/p><\/li><li>Intercambio y divulgaci\u00f3n de datos<br \/>No vendemos, alquilamos ni cedemos su informaci\u00f3n personal. Solo compartimos datos con:<br \/>\u25cf Socios educativos: Plataformas necesarias para el funcionamiento de la escuela (por ejemplo, sistemas de informaci\u00f3n estudiantil).<br \/>\u25cf Proveedores de servicios: Proveedores externos que ayudan en las comunicaciones escolares, siempre que cumplan con nuestros estrictos est\u00e1ndares de privacidad.<br \/>\u25cf Requisitos legales: Cuando lo exija la ley (por ejemplo, FERPA o la ley estatal de California).<br \/><br \/><\/li><li>Sus derechos<br \/>Puedes darte de baja de las comunicaciones no esenciales en cualquier momento. Para SMS, responde STOP a cualquier mensaje. Para correo electr\u00f3nico, haz clic en \u201cCancelar suscripci\u00f3n\u201d.\u201d<\/li><\/ol>\t\t\t\t\t\t\t\t<\/div>\n\t\t\t\t<\/div>\n\t\t\t\t<div class=\"elementor-element elementor-element-3045044 elementor-widget elementor-widget-text-editor\" data-id=\"3045044\" data-element_type=\"widget\" data-e-type=\"widget\" data-widget_type=\"text-editor.default\">\n\t\t\t\t<div class=\"elementor-widget-container\">\n\t\t\t\t\t\t\t\t\t<h2>Parte 2: T\u00e9rminos de servicio<\/h2><p>Al acceder a nuestro sitio web o al suscribirse a nuestros servicios de comunicaci\u00f3n, usted acepta estar sujeto a los siguientes t\u00e9rminos.<\/p><ol><li>Aceptaci\u00f3n de los t\u00e9rminos<br \/>Al proporcionar su informaci\u00f3n de contacto, usted acepta recibir comunicaciones de la Escuela Charter Sherman Thomas. Estos t\u00e9rminos rigen todas las comunicaciones enviadas a trav\u00e9s de nuestro sitio web, correo electr\u00f3nico y plataformas de SMS.<\/li><li>T\u00e9rminos de SMS\/mensajer\u00eda m\u00f3vil<br \/>La escuela aut\u00f3noma Sherman Thomas proporciona actualizaciones escolares, alertas de emergencia y notificaciones administrativas a trav\u00e9s de SMS.<br \/>\u25cf Suscripci\u00f3n voluntaria: Al enviar un formulario con su n\u00famero de tel\u00e9fono, usted acepta recibir mensajes.<br \/>\u25cf Frecuencia de los mensajes: La frecuencia de los mensajes var\u00eda en funci\u00f3n de los eventos y alertas escolares.<br \/>\u25cf Costo: Pueden aplicarse tarifas de mensajes y datos. Consulte con su operador de telefon\u00eda m\u00f3vil para obtener m\u00e1s informaci\u00f3n.<br \/>\u25cf Cancelaci\u00f3n de suscripci\u00f3n: Puedes cancelar el servicio de SMS en cualquier momento. Simplemente env\u00eda un SMS con la palabra &quot;STOP&quot; al n\u00famero desde el que recibiste el mensaje. Te enviaremos un SMS de confirmaci\u00f3n para informarte de que te has dado de baja.<br \/>\u25cf Soporte: Si necesita ayuda, responda con la palabra clave \u201cAYUDA\u201d o cont\u00e1ctenos al (559) 674-1192.<br \/>\u25cf Transportistas: Los transportistas no son responsables de los mensajes retrasados o no entregados.<\/li><li>Conducta del usuario<br \/>Los usuarios se comprometen a no utilizar nuestros canales de comunicaci\u00f3n para enviar informaci\u00f3n falsa o transmitir contenido ilegal o perjudicial.<\/li><li>Limitaci\u00f3n de responsabilidad<br \/>La escuela Sherman Thomas Charter School no se responsabiliza de los fallos t\u00e9cnicos de las plataformas de terceros (operadores o proveedores de servicios de Internet) que provoquen retrasos en las comunicaciones.<\/li><li>Informaci\u00f3n del contacto<br \/>Escuela aut\u00f3noma Sherman Thomas 101 W Adell St, Madera, CA 93638 Tel\u00e9fono: (559) 674-1192 Correo electr\u00f3nico: <a href=\"mailto:Tnapier@mystcs.org?subject=Inquiry from the stcsca.org policy page\" target=\"_blank\" rel=\"noopener\">Tnapier@mystcs.org<\/a><\/li><\/ol>\t\t\t\t\t\t\t\t<\/div>\n\t\t\t\t<\/div>\n\t\t\t\t\t<\/div>\n\t\t\t\t<\/div>\n\t\t\t\t<\/div>","protected":false},"excerpt":{"rendered":"<p>Sherman Thomas Charter School: Privacy Policy &amp; Terms of Service Last Updated: March 3, 2026 Part 1: Privacy Policy At Sherman Thomas Charter School (&#8220;we,&#8221; &#8220;us,&#8221; or &#8220;our&#8221;), we are committed to protecting the privacy and security of our students, parents, and staff. This Privacy Policy describes how we collect, use, and protect your personal [&hellip;]<\/p>\n","protected":false},"author":1,"featured_media":0,"parent":0,"menu_order":0,"comment_status":"closed","ping_status":"closed","template":"","meta":{"_acf_changed":false,"footnotes":""},"class_list":["post-1686","page","type-page","status-publish","hentry"],"acf":[],"featured_image_src":null,"featured_image_src_square":null,"_links":{"self":[{"href":"https:\/\/stcsca.org\/es\/wp-json\/wp\/v2\/pages\/1686","targetHints":{"allow":["GET"]}}],"collection":[{"href":"https:\/\/stcsca.org\/es\/wp-json\/wp\/v2\/pages"}],"about":[{"href":"https:\/\/stcsca.org\/es\/wp-json\/wp\/v2\/types\/page"}],"author":[{"embeddable":true,"href":"https:\/\/stcsca.org\/es\/wp-json\/wp\/v2\/users\/1"}],"replies":[{"embeddable":true,"href":"https:\/\/stcsca.org\/es\/wp-json\/wp\/v2\/comments?post=1686"}],"version-history":[{"count":0,"href":"https:\/\/stcsca.org\/es\/wp-json\/wp\/v2\/pages\/1686\/revisions"}],"wp:attachment":[{"href":"https:\/\/stcsca.org\/es\/wp-json\/wp\/v2\/media?parent=1686"}],"curies":[{"name":"gracias","href":"https:\/\/api.w.org\/{rel}","templated":true}]}}