{"id":450,"date":"2024-01-30T19:16:14","date_gmt":"2024-01-30T19:16:14","guid":{"rendered":"https:\/\/shermanthomas.wpenginepowered.com\/?page_id=450"},"modified":"2025-09-02T18:53:23","modified_gmt":"2025-09-02T18:53:23","slug":"registro-de-esta","status":"publish","type":"page","link":"https:\/\/stcsca.org\/es\/contact\/sta-registration\/","title":{"rendered":"Registro STA"},"content":{"rendered":"<div data-elementor-type=\"wp-page\" data-elementor-id=\"450\" class=\"elementor elementor-450\" data-elementor-post-type=\"page\">\n\t\t\t\t<div class=\"elementor-element elementor-element-7b73086 e-con-full e-flex e-con e-parent\" data-id=\"7b73086\" data-element_type=\"container\" data-e-type=\"container\" data-settings=\"{&quot;background_background&quot;:&quot;classic&quot;}\">\n\t\t<div class=\"elementor-element elementor-element-5d5b470 e-con-full e-flex e-con e-child\" data-id=\"5d5b470\" data-element_type=\"container\" data-e-type=\"container\" data-settings=\"{&quot;background_background&quot;:&quot;classic&quot;}\">\n\t\t<div class=\"elementor-element elementor-element-440d841 e-con-full e-flex e-con e-child\" data-id=\"440d841\" data-element_type=\"container\" data-e-type=\"container\">\n\t\t\t\t<\/div>\n\t\t<div class=\"elementor-element elementor-element-68cb56a e-con-full e-flex e-con e-child\" data-id=\"68cb56a\" data-element_type=\"container\" data-e-type=\"container\" data-settings=\"{&quot;background_background&quot;:&quot;gradient&quot;}\">\n\t\t\t\t<div class=\"elementor-element elementor-element-1064252 elementor-widget elementor-widget-heading\" data-id=\"1064252\" data-element_type=\"widget\" data-e-type=\"widget\" data-widget_type=\"heading.default\">\n\t\t\t\t<div class=\"elementor-widget-container\">\n\t\t\t\t\t<h1 class=\"elementor-heading-title elementor-size-default\">\u00bfEst\u00e1s listo para recibir educaci\u00f3n de primer nivel sin costo?<\/h1>\t\t\t\t<\/div>\n\t\t\t\t<\/div>\n\t\t\t\t<div class=\"elementor-element elementor-element-71b0c3a elementor-align-left elementor-mobile-align-center elementor-tablet-align-center elementor-widget__width-inherit elementor-invisible elementor-widget elementor-widget-button\" data-id=\"71b0c3a\" data-element_type=\"widget\" data-e-type=\"widget\" data-settings=\"{&quot;_animation&quot;:&quot;fadeInUp&quot;}\" data-widget_type=\"button.default\">\n\t\t\t\t<div class=\"elementor-widget-container\">\n\t\t\t\t\t\t\t\t\t<div class=\"elementor-button-wrapper\">\n\t\t\t\t\t<a class=\"elementor-button elementor-button-link elementor-size-sm elementor-animation-grow\" href=\"\/wp-content\/uploads\/STEM\/25-26-sta-updates\/STA-Application.pdf\" target=\"_blank\">\n\t\t\t\t\t\t<span class=\"elementor-button-content-wrapper\">\n\t\t\t\t\t\t\t\t\t<span class=\"elementor-button-text\">Aplicar ahora<\/span>\n\t\t\t\t\t<\/span>\n\t\t\t\t\t<\/a>\n\t\t\t\t<\/div>\n\t\t\t\t\t\t\t\t<\/div>\n\t\t\t\t<\/div>\n\t\t\t\t<div class=\"elementor-element elementor-element-f448e7e elementor-widget elementor-widget-text-editor\" data-id=\"f448e7e\" data-element_type=\"widget\" data-e-type=\"widget\" data-widget_type=\"text-editor.default\">\n\t\t\t\t<div class=\"elementor-widget-container\">\n\t\t\t\t\t\t\t\t\t<p>La Academia STEM Sherman Thomas, dirigida a estudiantes de 6.\u00ba a 8.\u00ba grado, se centra en ofrecer un programa especializado con \u00e9nfasis en la universidad y la carrera profesional. El objetivo es despertar la pasi\u00f3n por los principios de las disciplinas STEM: Ciencias (planteamiento de hip\u00f3tesis e investigaci\u00f3n), Tecnolog\u00eda (innovaciones que mejoran una tarea), Ingenier\u00eda (dise\u00f1o espec\u00edfico para una tarea e iteraci\u00f3n) y Matem\u00e1ticas (perseverancia, resoluci\u00f3n de problemas y comprensi\u00f3n del mundo). Estos principios se pueden aplicar a una amplia gama de carreras profesionales y van m\u00e1s all\u00e1 de las t\u00edpicas disciplinas STEM. Queremos fomentar la curiosidad.<\/p><h4>Sirviendo los grados 6, 7 y 8<\/h4><ul><li>La ventana de solicitud para el a\u00f1o escolar 2026-27 para los grados 6.\u00ba a 8.\u00ba (estudiantes actuales de 5.\u00ba a 7.\u00ba grado) cierra el 1 de diciembre de 2025.<\/li><li aria-level=\"1\"><p>Puede entregar sus solicitudes en nuestra oficina (51 E. Adell St.) de lunes a viernes de 7:30 a. m. a 4:00 p. m. Tambi\u00e9n puede enviar la solicitud por correo electr\u00f3nico a <a href=\"mailto:jabrock@stcsca.org?subject=email from the STA registration page\" target=\"_blank\" rel=\"noopener\">jabrock@stcsca.org<\/a><\/p><\/li><li aria-level=\"1\"><p>Los estudiantes que presenten su solicitud despu\u00e9s del 1 de diciembre de 2025 ser\u00e1n colocados en la lista de espera para el a\u00f1o escolar del 26 al 27 de febrero por orden de llegada.<\/p><\/li><li aria-level=\"1\"><p>El sorteo p\u00fablico aleatorio (loter\u00eda) para el a\u00f1o escolar 2026-27 se llevar\u00e1 a cabo el lunes 15 de diciembre a las 4:30 p. m. en Sherman Thomas STEM Academy (51 E. Adell St., Madera, CA 93638).<\/p><\/li><\/ul>\t\t\t\t\t\t\t\t<\/div>\n\t\t\t\t<\/div>\n\t\t\t\t<\/div>\n\t\t\t\t<\/div>\n\t\t<div class=\"elementor-element elementor-element-bfa1854 e-flex e-con-boxed e-con e-child\" data-id=\"bfa1854\" data-element_type=\"container\" data-e-type=\"container\" data-settings=\"{&quot;background_background&quot;:&quot;classic&quot;}\">\n\t\t\t\t\t<div class=\"e-con-inner\">\n\t\t\t\t<div class=\"elementor-element elementor-element-c26291e elementor-widget elementor-widget-text-editor\" data-id=\"c26291e\" data-element_type=\"widget\" data-e-type=\"widget\" data-widget_type=\"text-editor.default\">\n\t\t\t\t<div class=\"elementor-widget-container\">\n\t\t\t\t\t\t\t\t\t<p>\u00a0Para m\u00e1s informaci\u00f3n por favor llame a nuestra oficina<br \/><strong>559-674-1192 extensi\u00f3n 103 o 104\u00a0<\/strong><\/p>\t\t\t\t\t\t\t\t<\/div>\n\t\t\t\t<\/div>\n\t\t\t\t<div class=\"elementor-element elementor-element-be85860 elementor-widget elementor-widget-text-editor\" data-id=\"be85860\" data-element_type=\"widget\" data-e-type=\"widget\" data-widget_type=\"text-editor.default\">\n\t\t\t\t<div class=\"elementor-widget-container\">\n\t\t\t\t\t\t\t\t\t<div class=\"ui-widget-detail\"><div class=\"ui-article\"><div class=\"ui-article-description\"><p>*Tenga en cuenta que solicitar plaza no garantiza una plaza en la Escuela Charter Sherman Thomas. Todas las solicitudes presentadas se incluir\u00e1n en una lista de espera.*<\/p><\/div><\/div><\/div>\t\t\t\t\t\t\t\t<\/div>\n\t\t\t\t<\/div>\n\t\t\t\t\t<\/div>\n\t\t\t\t<\/div>\n\t\t<div class=\"elementor-element elementor-element-0b360f9 e-con-full e-flex e-con e-child\" data-id=\"0b360f9\" data-element_type=\"container\" data-e-type=\"container\" data-settings=\"{&quot;background_background&quot;:&quot;classic&quot;}\">\n\t\t\t\t<div class=\"elementor-element elementor-element-4b30878 elementor-widget__width-inherit elementor-widget elementor-widget-premium-divider\" data-id=\"4b30878\" data-element_type=\"widget\" data-e-type=\"widget\" data-widget_type=\"premium-divider.default\">\n\t\t\t\t<div class=\"elementor-widget-container\">\n\t\t\t\t\t\r\n\t\t<div class=\"premium-bordered-top premium-separator-container premium-separator-solid\" data-settings=\"solid\">\r\n\t\t\t<div class=\"premium-separator-wrapper\">\r\n\t\t\t\t<div class=\"premium-separator-wrapper-separator\">\r\n\t\t\t\t\t<div class=\"premium-separator-wrapper-separator-divider\">\r\n\t\t\t\t\t\t<div class=\"premium-separator-inner\">\r\n\t\t\t\t\t\t\t\r\n\t\t\t\t\t\t\t\t<div class=\"premium-separator-content-wrapper\">\r\n\t\t\t\t\t\t\t\t\t\t\t\t\t\t\t\t\t\t\t<div class=\"premium-separator-divider-left premium-separator-left-side premium-svg-nodraw\">\r\n\t\t\t\t\t\t\t\t\t\t\t<div class=\"premium-separator-line\" role=\"separator\" aria-orientation=\"horizontal\"><\/div>\t\t\t\t\t\t\t\t\t\t<\/div>\r\n\t\t\t\t\t\t\t\t\t\r\n\t\t\t\t\t\t\t\t\t\t\t\t\t\t\t\t\t\t\t<div class=\"premium-separator-icon-container\">\r\n\r\n\t\t\t\t\t\t\t\t\t\t\t\r\n\t\t\t\t\t\t\t\t\t\t\t\t\t\t\t\t\t\t\t\t\t\t\t<div class=\"premium-separator-icon-wrap premium-separator-icon\">\r\n\t\t\t\t\t\t\t\t\t\t\t\t\t<i class=\"premium-svg-nodraw premium-drawable-icon fas fa-school\" aria-hidden=\"true\"><\/i>\t\t\t\t\t\t\t\t\t\t\t\t<\/div>\r\n\t\t\t\t\t\t\t\t\t\t\t\t\t\t\t\t\t\t\t\t\t<\/div>\r\n\t\t\t\t\t\t\t\t\t\r\n\t\t\t\t\t\t\t\t\t\t\t\t\t\t\t\t\t\t\t<div class=\"premium-separator-divider-right premium-separator-right-side premium-svg-nodraw\">\r\n\t\t\t\t\t\t\t\t\t\t\t<div class=\"premium-separator-line\" role=\"separator\" aria-orientation=\"horizontal\"><\/div>\t\t\t\t\t\t\t\t\t\t<\/div>\r\n\t\t\t\t\t\t\t\t\t\t\t\t\t\t\t\t\t<\/div>\r\n\r\n\t\t\t\t\t\t\t\r\n\t\t\t\t\t\t\t<\/div>\r\n\r\n\t\t\t\t\t\t<\/div>\r\n\r\n\t\t\t\t<\/div>\r\n\r\n\t\t\t\t<div class=\"premium-clearfix\"><\/div>\r\n\r\n\t\t\t<\/div>\r\n\r\n\t\t<\/div>\r\n\r\n\t\t\t\t\t\t<\/div>\n\t\t\t\t<\/div>\n\t\t<div class=\"elementor-element elementor-element-493c061 e-grid e-con-full e-con e-child\" data-id=\"493c061\" data-element_type=\"container\" data-e-type=\"container\">\n\t\t<div class=\"elementor-element elementor-element-2f863a5 e-con-full e-flex e-con e-child\" data-id=\"2f863a5\" data-element_type=\"container\" data-e-type=\"container\">\n\t\t\t\t<div class=\"elementor-element elementor-element-da499b7 elementor-widget elementor-widget-heading\" data-id=\"da499b7\" data-element_type=\"widget\" data-e-type=\"widget\" data-widget_type=\"heading.default\">\n\t\t\t\t<div class=\"elementor-widget-container\">\n\t\t\t\t\t<h2 class=\"elementor-heading-title elementor-size-default\">Formulario de queja sobre la Carta<\/h2>\t\t\t\t<\/div>\n\t\t\t\t<\/div>\n\t\t\t\t<div class=\"elementor-element elementor-element-93b83ac elementor-align-center elementor-widget__width-initial elementor-widget elementor-widget-embedpress_pdf\" data-id=\"93b83ac\" data-element_type=\"widget\" data-e-type=\"widget\" data-widget_type=\"embedpress_pdf.default\">\n\t\t\t\t<div class=\"elementor-widget-container\">\n\t\t\t\t\t    <div class=\"embedpress-document-embed ep-doc-4cf5726be4611696c76d6bb64434f8d7 ose-document emebedpress-unit-percent\" data-thememode=\"default\" data-customcolor=\"\" data-toolbar=\"yes\" data-toolbar-position=\"top\" data-open=\"no\" data-presentation-mode=\"yes\" data-download=\"yes\" data-copy=\"yes\" data-add-image=\"yes\" data-rotate=\"yes\" data-details=\"yes\" data-id=\"embedpress-pdf-93b83ac\" data-selection-tool=\"0\" data-scrolling=\"0\" data-spreads=\"-1\" style=\" max-width:100%; display: inline-block\">\n\n        \n                <div >\n\n                    <div id=\"ep-elementor-content-93b83ac\" class=\"ep-elementor-content   ep-percentage-width   ep-content-protection-disabled\">\n                        <div id=\"93b83ac\" class=\"ep-embed-content-wraper\">\n                            <div><iframe title=\"Formulario de queja sobre la Carta STEM 2024\" class=\"embedpress-embed-document-pdf embedpress-pdf-93b83ac\" style=\"width: 100%!important;height: 620px;; max-width:100%; display: inline-block\" src=\"https:\/\/stcsca.org\/wp-admin\/admin-ajax.php?action=get_viewer&#038;file=https%3A%2F%2Fstcsca.org%2Fwp-content%2Fuploads%2Fregistration-documents%2FCharter-Complaint-form-stem-2024.pdf&#038;scrolling=0&#038;selection_tool=0&#038;spreads=-1#key=dGhlbWVNb2RlPWRlZmF1bHQmdG9vbGJhcj10cnVlJnBvc2l0aW9uPXRvcCZwcmVzZW50YXRpb249dHJ1ZSZsYXp5TG9hZD1mYWxzZSZkb3dubG9hZD15ZXMmY29weV90ZXh0PXllcyZhZGRfdGV4dD10cnVlJmRyYXc9eWVzJmFkZF9pbWFnZT10cnVlJnBkZl9yb3RhdGlvbj10cnVlJnBkZl9kZXRhaWxzPXRydWUmem9vbV9pbj10cnVlJnpvb21fb3V0PXRydWUmZml0X3ZpZXc9dHJ1ZSZib29rbWFyaz10cnVlJnNvdW5kPXRydWUmZmxpcGJvb2tfdG9vbGJhcl9wb3NpdGlvbj1ib3R0b20mc2VsZWN0aW9uX3Rvb2w9MCZzY3JvbGxpbmc9MCZzcHJlYWRzPS0xJmlzX3Byb19hY3RpdmU9MQ==&#038;zoom=auto\" data-emid=\"embedpress-pdf-93b83ac\" data-embed-type=\"PDF\" frameborder=\"0\"><\/iframe><\/div>                        <\/div>\n\n                    <\/div>\n\n\n                   \n                <\/div>\n            \n    <\/div>\n\n\t\t\t\t<\/div>\n\t\t\t\t<\/div>\n\t\t\t\t<\/div>\n\t\t\t\t<\/div>\n\t\t\t\t<\/div>\n\t\t\t\t<\/div>\n\t\t\t\t<\/div>","protected":false},"excerpt":{"rendered":"<p>Ready to receive top-notch education at no cost? Apply Now The Sherman Thomas STEM Academy, catering to students in grades 6-8, focuses on providing a specialized program, with a college and career emphasis. The goal is to ignite a passion for the principles of the subjects of STEM: Science (hypothesizing and investigating), Technology (innovations that [&hellip;]<\/p>\n","protected":false},"author":1,"featured_media":0,"parent":103,"menu_order":2,"comment_status":"closed","ping_status":"closed","template":"elementor_header_footer","meta":{"_acf_changed":false,"footnotes":""},"class_list":["post-450","page","type-page","status-publish","hentry"],"acf":[],"featured_image_src":null,"featured_image_src_square":null,"_links":{"self":[{"href":"https:\/\/stcsca.org\/es\/wp-json\/wp\/v2\/pages\/450","targetHints":{"allow":["GET"]}}],"collection":[{"href":"https:\/\/stcsca.org\/es\/wp-json\/wp\/v2\/pages"}],"about":[{"href":"https:\/\/stcsca.org\/es\/wp-json\/wp\/v2\/types\/page"}],"author":[{"embeddable":true,"href":"https:\/\/stcsca.org\/es\/wp-json\/wp\/v2\/users\/1"}],"replies":[{"embeddable":true,"href":"https:\/\/stcsca.org\/es\/wp-json\/wp\/v2\/comments?post=450"}],"version-history":[{"count":0,"href":"https:\/\/stcsca.org\/es\/wp-json\/wp\/v2\/pages\/450\/revisions"}],"up":[{"embeddable":true,"href":"https:\/\/stcsca.org\/es\/wp-json\/wp\/v2\/pages\/103"}],"wp:attachment":[{"href":"https:\/\/stcsca.org\/es\/wp-json\/wp\/v2\/media?parent=450"}],"curies":[{"name":"gracias","href":"https:\/\/api.w.org\/{rel}","templated":true}]}}